{"id":5335,"date":"2021-08-23T11:17:43","date_gmt":"2021-08-23T08:17:43","guid":{"rendered":"https:\/\/dev.balticdisc.ee\/?page_id=5335"},"modified":"2026-02-20T10:50:27","modified_gmt":"2026-02-20T08:50:27","slug":"malukaardid","status":"publish","type":"page","link":"https:\/\/dev.balticdisc.ee\/en\/malukaardid\/","title":{"rendered":"M\u00e4lukaardid"},"content":{"rendered":"\t\t<div data-elementor-type=\"wp-post\" data-elementor-id=\"5335\" class=\"elementor elementor-5335\" data-elementor-post-type=\"page\">\n\t\t\t\t\t\t<section class=\"has_ae_slider elementor-section elementor-top-section elementor-element elementor-element-97612d5 elementor-section-boxed elementor-section-height-default elementor-section-height-default ae-bg-gallery-type-default\" data-id=\"97612d5\" data-element_type=\"section\">\n\t\t\t\t\t\t<div class=\"elementor-container elementor-column-gap-default\">\n\t\t\t\t\t<div class=\"has_ae_slider elementor-column elementor-col-50 elementor-top-column elementor-element elementor-element-1258f05 ae-bg-gallery-type-default\" data-id=\"1258f05\" data-element_type=\"column\">\n\t\t\t<div class=\"elementor-widget-wrap elementor-element-populated\">\n\t\t\t\t\t\t\t<\/div>\n\t\t<\/div>\n\t\t\t\t<div class=\"has_ae_slider elementor-column elementor-col-50 elementor-top-column elementor-element elementor-element-01aefc5 ae-bg-gallery-type-default\" data-id=\"01aefc5\" data-element_type=\"column\">\n\t\t\t<div class=\"elementor-widget-wrap elementor-element-populated\">\n\t\t\t\t\t\t<div class=\"elementor-element elementor-element-af11872 elementor-widget elementor-widget-text-editor\" data-id=\"af11872\" data-element_type=\"widget\" data-widget_type=\"text-editor.default\">\n\t\t\t\t<div class=\"elementor-widget-container\">\n\t\t\t\t\t\t\t<h2><span style=\"color: #000000;\"><b>M\u00e4lukaardid<br \/><\/b><\/span><b style=\"font-size: 14px;\">K\u00f5ik hinnad sisaldavad k\u00e4ibemaksu<\/b><\/h2>\t\t\t\t\t\t<\/div>\n\t\t\t\t<\/div>\n\t\t\t\t<section class=\"has_ae_slider elementor-section elementor-inner-section elementor-element elementor-element-a7bcc63 elementor-section-boxed elementor-section-height-default elementor-section-height-default ae-bg-gallery-type-default\" data-id=\"a7bcc63\" data-element_type=\"section\">\n\t\t\t\t\t\t<div class=\"elementor-container elementor-column-gap-default\">\n\t\t\t\t\t<div class=\"has_ae_slider elementor-column elementor-col-33 elementor-inner-column elementor-element elementor-element-24ae2c0 ae-bg-gallery-type-default\" data-id=\"24ae2c0\" data-element_type=\"column\">\n\t\t\t<div class=\"elementor-widget-wrap elementor-element-populated\">\n\t\t\t\t\t\t<div class=\"elementor-element elementor-element-2b17c15 elementor-widget elementor-widget-image\" data-id=\"2b17c15\" data-element_type=\"widget\" data-widget_type=\"image.default\">\n\t\t\t\t<div class=\"elementor-widget-container\">\n\t\t\t\t\t\t\t\t\t\t\t\t\t\t<a href=\"https:\/\/dev.balticdisc.ee\/wp-content\/uploads\/2026\/02\/32-mic-uuus.gif\" data-elementor-open-lightbox=\"yes\" data-e-action-hash=\"#elementor-action%3Aaction%3Dlightbox%26settings%3DeyJpZCI6MTI1ODAsInVybCI6Imh0dHBzOlwvXC9kZXYuYmFsdGljZGlzYy5lZVwvd3AtY29udGVudFwvdXBsb2Fkc1wvMjAyNlwvMDJcLzMyLW1pYy11dXVzLmdpZiJ9\">\n\t\t\t\t\t\t\t<img fetchpriority=\"high\" decoding=\"async\" width=\"250\" height=\"402\" src=\"https:\/\/dev.balticdisc.ee\/wp-content\/uploads\/2026\/02\/32-mic-uuus.gif\" class=\"attachment-large size-large wp-image-12580\" alt=\"\" \/>\t\t\t\t\t\t\t\t<\/a>\n\t\t\t\t\t\t\t\t\t\t\t\t\t<\/div>\n\t\t\t\t<\/div>\n\t\t\t\t\t<\/div>\n\t\t<\/div>\n\t\t\t\t<div class=\"has_ae_slider elementor-column elementor-col-33 elementor-inner-column elementor-element elementor-element-e5dafbd ae-bg-gallery-type-default\" data-id=\"e5dafbd\" data-element_type=\"column\">\n\t\t\t<div class=\"elementor-widget-wrap elementor-element-populated\">\n\t\t\t\t\t\t<div class=\"elementor-element elementor-element-27c24fd elementor-widget elementor-widget-text-editor\" data-id=\"27c24fd\" data-element_type=\"widget\" data-widget_type=\"text-editor.default\">\n\t\t\t\t<div class=\"elementor-widget-container\">\n\t\t\t\t\t\t\t<p><strong>MEDIARANGE micro SDHC m\u00e4lukaart adapteriga<\/strong><\/p><p>\u2022 32 GB<br \/>\u2022 Class 10<br \/>\u2022 R\/S 45 MB\/s<\/p>\t\t\t\t\t\t<\/div>\n\t\t\t\t<\/div>\n\t\t\t\t\t<\/div>\n\t\t<\/div>\n\t\t\t\t<div class=\"has_ae_slider elementor-column elementor-col-33 elementor-inner-column elementor-element elementor-element-7c0cdf7 ae-bg-gallery-type-default\" data-id=\"7c0cdf7\" data-element_type=\"column\">\n\t\t\t<div class=\"elementor-widget-wrap elementor-element-populated\">\n\t\t\t\t\t\t<div class=\"elementor-element elementor-element-f17c2b5 elementor-widget elementor-widget-text-editor\" data-id=\"f17c2b5\" data-element_type=\"widget\" data-widget_type=\"text-editor.default\">\n\t\t\t\t<div class=\"elementor-widget-container\">\n\t\t\t\t\t\t\t<p><b>7.00 \u20ac\/tk<\/b><\/p>\t\t\t\t\t\t<\/div>\n\t\t\t\t<\/div>\n\t\t\t\t\t<\/div>\n\t\t<\/div>\n\t\t\t\t\t<\/div>\n\t\t<\/section>\n\t\t\t\t<section class=\"has_ae_slider elementor-section elementor-inner-section elementor-element elementor-element-d967d11 elementor-section-boxed elementor-section-height-default elementor-section-height-default ae-bg-gallery-type-default\" data-id=\"d967d11\" data-element_type=\"section\">\n\t\t\t\t\t\t<div class=\"elementor-container elementor-column-gap-default\">\n\t\t\t\t\t<div class=\"has_ae_slider elementor-column elementor-col-33 elementor-inner-column elementor-element elementor-element-ca6ad89 ae-bg-gallery-type-default\" data-id=\"ca6ad89\" data-element_type=\"column\">\n\t\t\t<div class=\"elementor-widget-wrap elementor-element-populated\">\n\t\t\t\t\t\t<div class=\"elementor-element elementor-element-df99699 elementor-widget elementor-widget-image\" data-id=\"df99699\" data-element_type=\"widget\" data-widget_type=\"image.default\">\n\t\t\t\t<div class=\"elementor-widget-container\">\n\t\t\t\t\t\t\t\t\t\t\t\t\t\t<a href=\"https:\/\/dev.balticdisc.ee\/wp-content\/uploads\/2020\/09\/king-32-can.png\" data-elementor-open-lightbox=\"yes\" data-e-action-hash=\"#elementor-action%3Aaction%3Dlightbox%26settings%3DeyJpZCI6NzE3OSwidXJsIjoiaHR0cHM6XC9cL2Rldi5iYWx0aWNkaXNjLmVlXC93cC1jb250ZW50XC91cGxvYWRzXC8yMDIwXC8wOVwva2luZy0zMi1jYW4ucG5nIn0%3D\">\n\t\t\t\t\t\t\t<img decoding=\"async\" width=\"709\" height=\"362\" src=\"https:\/\/dev.balticdisc.ee\/wp-content\/uploads\/2020\/09\/king-32-can.png\" class=\"attachment-large size-large wp-image-7179\" alt=\"\" \/>\t\t\t\t\t\t\t\t<\/a>\n\t\t\t\t\t\t\t\t\t\t\t\t\t<\/div>\n\t\t\t\t<\/div>\n\t\t\t\t\t<\/div>\n\t\t<\/div>\n\t\t\t\t<div class=\"has_ae_slider elementor-column elementor-col-33 elementor-inner-column elementor-element elementor-element-32f9b44 ae-bg-gallery-type-default\" data-id=\"32f9b44\" data-element_type=\"column\">\n\t\t\t<div class=\"elementor-widget-wrap elementor-element-populated\">\n\t\t\t\t\t\t<div class=\"elementor-element elementor-element-7171a13 elementor-widget elementor-widget-text-editor\" data-id=\"7171a13\" data-element_type=\"widget\" data-widget_type=\"text-editor.default\">\n\t\t\t\t<div class=\"elementor-widget-container\">\n\t\t\t\t\t\t\t<p><strong>Kingston micro SDHC UHS-I m\u00e4lukaart adapteriga<\/strong><\/p><p>\u2022 32 GB<br \/>\u2022 Class 10<br \/>\u2022 R\/S 100 MB\/s<\/p>\t\t\t\t\t\t<\/div>\n\t\t\t\t<\/div>\n\t\t\t\t\t<\/div>\n\t\t<\/div>\n\t\t\t\t<div class=\"has_ae_slider elementor-column elementor-col-33 elementor-inner-column elementor-element elementor-element-27856ec ae-bg-gallery-type-default\" data-id=\"27856ec\" data-element_type=\"column\">\n\t\t\t<div class=\"elementor-widget-wrap elementor-element-populated\">\n\t\t\t\t\t\t<div class=\"elementor-element elementor-element-9418398 elementor-widget elementor-widget-text-editor\" data-id=\"9418398\" data-element_type=\"widget\" data-widget_type=\"text-editor.default\">\n\t\t\t\t<div class=\"elementor-widget-container\">\n\t\t\t\t\t\t\t<p><b>8.50 \u20ac\/tk<\/b><\/p>\t\t\t\t\t\t<\/div>\n\t\t\t\t<\/div>\n\t\t\t\t\t<\/div>\n\t\t<\/div>\n\t\t\t\t\t<\/div>\n\t\t<\/section>\n\t\t\t\t<section class=\"has_ae_slider elementor-section elementor-inner-section elementor-element elementor-element-ca64081 elementor-section-boxed elementor-section-height-default elementor-section-height-default ae-bg-gallery-type-default\" data-id=\"ca64081\" data-element_type=\"section\">\n\t\t\t\t\t\t<div class=\"elementor-container elementor-column-gap-default\">\n\t\t\t\t\t<div class=\"has_ae_slider elementor-column elementor-col-33 elementor-inner-column elementor-element elementor-element-3064aec ae-bg-gallery-type-default\" data-id=\"3064aec\" data-element_type=\"column\">\n\t\t\t<div class=\"elementor-widget-wrap elementor-element-populated\">\n\t\t\t\t\t\t<div class=\"elementor-element elementor-element-c4cf384 elementor-widget elementor-widget-image\" data-id=\"c4cf384\" data-element_type=\"widget\" data-widget_type=\"image.default\">\n\t\t\t\t<div class=\"elementor-widget-container\">\n\t\t\t\t\t\t\t\t\t\t\t\t\t\t<a href=\"https:\/\/dev.balticdisc.ee\/wp-content\/uploads\/2020\/08\/KINGSTON-64-sd.png\" data-elementor-open-lightbox=\"yes\" data-e-action-hash=\"#elementor-action%3Aaction%3Dlightbox%26settings%3DeyJpZCI6NzE2NywidXJsIjoiaHR0cHM6XC9cL2Rldi5iYWx0aWNkaXNjLmVlXC93cC1jb250ZW50XC91cGxvYWRzXC8yMDIwXC8wOFwvS0lOR1NUT04tNjQtc2QucG5nIn0%3D\">\n\t\t\t\t\t\t\t<img decoding=\"async\" width=\"1024\" height=\"587\" src=\"https:\/\/dev.balticdisc.ee\/wp-content\/uploads\/2020\/08\/4-poolne-CD-digipakend-2-trayga-1-1024x587.jpg\" class=\"attachment-large size-large wp-image-7167\" alt=\"\" \/>\t\t\t\t\t\t\t\t<\/a>\n\t\t\t\t\t\t\t\t\t\t\t\t\t<\/div>\n\t\t\t\t<\/div>\n\t\t\t\t\t<\/div>\n\t\t<\/div>\n\t\t\t\t<div class=\"has_ae_slider elementor-column elementor-col-33 elementor-inner-column elementor-element elementor-element-5621de9 ae-bg-gallery-type-default\" data-id=\"5621de9\" data-element_type=\"column\">\n\t\t\t<div class=\"elementor-widget-wrap elementor-element-populated\">\n\t\t\t\t\t\t<div class=\"elementor-element elementor-element-67e1dde elementor-widget elementor-widget-text-editor\" data-id=\"67e1dde\" data-element_type=\"widget\" data-widget_type=\"text-editor.default\">\n\t\t\t\t<div class=\"elementor-widget-container\">\n\t\t\t\t\t\t\t<p><strong>Kingston micro SDXC UHS-I m\u00e4lukaart adapteriga<\/strong><\/p><p>\u2022 64 GB<br \/>\u2022 Class 10<br \/>\u2022 R\/S 100 MB\/s<\/p>\t\t\t\t\t\t<\/div>\n\t\t\t\t<\/div>\n\t\t\t\t\t<\/div>\n\t\t<\/div>\n\t\t\t\t<div class=\"has_ae_slider elementor-column elementor-col-33 elementor-inner-column elementor-element elementor-element-a0db4f2 ae-bg-gallery-type-default\" data-id=\"a0db4f2\" data-element_type=\"column\">\n\t\t\t<div class=\"elementor-widget-wrap elementor-element-populated\">\n\t\t\t\t\t\t<div class=\"elementor-element elementor-element-5d6ea13 elementor-widget elementor-widget-text-editor\" data-id=\"5d6ea13\" data-element_type=\"widget\" data-widget_type=\"text-editor.default\">\n\t\t\t\t<div class=\"elementor-widget-container\">\n\t\t\t\t\t\t\t<p><b>9.50 \u20ac\/tk<\/b><\/p>\t\t\t\t\t\t<\/div>\n\t\t\t\t<\/div>\n\t\t\t\t\t<\/div>\n\t\t<\/div>\n\t\t\t\t\t<\/div>\n\t\t<\/section>\n\t\t\t\t<section class=\"has_ae_slider elementor-section elementor-inner-section elementor-element elementor-element-58329f4 elementor-section-boxed elementor-section-height-default elementor-section-height-default ae-bg-gallery-type-default\" data-id=\"58329f4\" data-element_type=\"section\">\n\t\t\t\t\t\t<div class=\"elementor-container elementor-column-gap-default\">\n\t\t\t\t\t<div class=\"has_ae_slider elementor-column elementor-col-33 elementor-inner-column elementor-element elementor-element-17d3a64 ae-bg-gallery-type-default\" data-id=\"17d3a64\" data-element_type=\"column\">\n\t\t\t<div class=\"elementor-widget-wrap elementor-element-populated\">\n\t\t\t\t\t\t<div class=\"elementor-element elementor-element-967013b elementor-widget elementor-widget-image\" data-id=\"967013b\" data-element_type=\"widget\" data-widget_type=\"image.default\">\n\t\t\t\t<div class=\"elementor-widget-container\">\n\t\t\t\t\t\t\t\t\t\t\t\t\t\t<a href=\"https:\/\/dev.balticdisc.ee\/wp-content\/uploads\/2024\/10\/king-128.gif\" data-elementor-open-lightbox=\"yes\" data-e-action-hash=\"#elementor-action%3Aaction%3Dlightbox%26settings%3DeyJpZCI6MTEzNzUsInVybCI6Imh0dHBzOlwvXC9kZXYuYmFsdGljZGlzYy5lZVwvd3AtY29udGVudFwvdXBsb2Fkc1wvMjAyNFwvMTBcL2tpbmctMTI4LmdpZiJ9\">\n\t\t\t\t\t\t\t<img loading=\"lazy\" decoding=\"async\" width=\"257\" height=\"287\" src=\"https:\/\/dev.balticdisc.ee\/wp-content\/uploads\/2024\/10\/king-128.gif\" class=\"attachment-large size-large wp-image-11375\" alt=\"\" \/>\t\t\t\t\t\t\t\t<\/a>\n\t\t\t\t\t\t\t\t\t\t\t\t\t<\/div>\n\t\t\t\t<\/div>\n\t\t\t\t\t<\/div>\n\t\t<\/div>\n\t\t\t\t<div class=\"has_ae_slider elementor-column elementor-col-33 elementor-inner-column elementor-element elementor-element-560b67a ae-bg-gallery-type-default\" data-id=\"560b67a\" data-element_type=\"column\">\n\t\t\t<div class=\"elementor-widget-wrap elementor-element-populated\">\n\t\t\t\t\t\t<div class=\"elementor-element elementor-element-ded22a3 elementor-widget elementor-widget-text-editor\" data-id=\"ded22a3\" data-element_type=\"widget\" data-widget_type=\"text-editor.default\">\n\t\t\t\t<div class=\"elementor-widget-container\">\n\t\t\t\t\t\t\t<p><strong>Kingston micro SDXC UHS-I m\u00e4lukaart adapteriga<\/strong><\/p><p>\u2022 128 GB<br \/>\u2022 Class 10<br \/>\u2022 R\/S 100 MB\/s<\/p>\t\t\t\t\t\t<\/div>\n\t\t\t\t<\/div>\n\t\t\t\t\t<\/div>\n\t\t<\/div>\n\t\t\t\t<div class=\"has_ae_slider elementor-column elementor-col-33 elementor-inner-column elementor-element elementor-element-bdccd26 ae-bg-gallery-type-default\" data-id=\"bdccd26\" data-element_type=\"column\">\n\t\t\t<div class=\"elementor-widget-wrap elementor-element-populated\">\n\t\t\t\t\t\t<div class=\"elementor-element elementor-element-86d34bc elementor-widget elementor-widget-text-editor\" data-id=\"86d34bc\" data-element_type=\"widget\" data-widget_type=\"text-editor.default\">\n\t\t\t\t<div class=\"elementor-widget-container\">\n\t\t\t\t\t\t\t<p><b>20.00 \u20ac\/tk<\/b><\/p>\t\t\t\t\t\t<\/div>\n\t\t\t\t<\/div>\n\t\t\t\t\t<\/div>\n\t\t<\/div>\n\t\t\t\t\t<\/div>\n\t\t<\/section>\n\t\t\t\t<section class=\"has_ae_slider elementor-section elementor-inner-section elementor-element elementor-element-5e62e0e elementor-section-boxed elementor-section-height-default elementor-section-height-default ae-bg-gallery-type-default\" data-id=\"5e62e0e\" data-element_type=\"section\">\n\t\t\t\t\t\t<div class=\"elementor-container elementor-column-gap-default\">\n\t\t\t\t\t<div class=\"has_ae_slider elementor-column elementor-col-33 elementor-inner-column elementor-element elementor-element-973680b ae-bg-gallery-type-default\" data-id=\"973680b\" data-element_type=\"column\">\n\t\t\t<div class=\"elementor-widget-wrap elementor-element-populated\">\n\t\t\t\t\t\t<div class=\"elementor-element elementor-element-b6944ef elementor-widget elementor-widget-image\" data-id=\"b6944ef\" data-element_type=\"widget\" data-widget_type=\"image.default\">\n\t\t\t\t<div class=\"elementor-widget-container\">\n\t\t\t\t\t\t\t\t\t\t\t\t\t\t<a href=\"https:\/\/dev.balticdisc.ee\/wp-content\/uploads\/2025\/11\/adata-256.gif\" data-elementor-open-lightbox=\"yes\" data-e-action-hash=\"#elementor-action%3Aaction%3Dlightbox%26settings%3DeyJpZCI6MTIzMDYsInVybCI6Imh0dHBzOlwvXC9kZXYuYmFsdGljZGlzYy5lZVwvd3AtY29udGVudFwvdXBsb2Fkc1wvMjAyNVwvMTFcL2FkYXRhLTI1Ni5naWYifQ%3D%3D\">\n\t\t\t\t\t\t\t<img loading=\"lazy\" decoding=\"async\" width=\"300\" height=\"337\" src=\"https:\/\/dev.balticdisc.ee\/wp-content\/uploads\/2025\/11\/adata-256.gif\" class=\"attachment-large size-large wp-image-12306\" alt=\"\" \/>\t\t\t\t\t\t\t\t<\/a>\n\t\t\t\t\t\t\t\t\t\t\t\t\t<\/div>\n\t\t\t\t<\/div>\n\t\t\t\t\t<\/div>\n\t\t<\/div>\n\t\t\t\t<div class=\"has_ae_slider elementor-column elementor-col-33 elementor-inner-column elementor-element elementor-element-6fa40e9 ae-bg-gallery-type-default\" data-id=\"6fa40e9\" data-element_type=\"column\">\n\t\t\t<div class=\"elementor-widget-wrap elementor-element-populated\">\n\t\t\t\t\t\t<div class=\"elementor-element elementor-element-4ba34f2 elementor-widget elementor-widget-text-editor\" data-id=\"4ba34f2\" data-element_type=\"widget\" data-widget_type=\"text-editor.default\">\n\t\t\t\t<div class=\"elementor-widget-container\">\n\t\t\t\t\t\t\t<p><strong>ADATA micro SDXC UHS-I m\u00e4lukaart adapteriga<\/strong><\/p><p>\u2022 256 GB<br \/>\u2022 Class 10<br \/>\u2022 R\/S 100 MB\/s<\/p>\t\t\t\t\t\t<\/div>\n\t\t\t\t<\/div>\n\t\t\t\t\t<\/div>\n\t\t<\/div>\n\t\t\t\t<div class=\"has_ae_slider elementor-column elementor-col-33 elementor-inner-column elementor-element elementor-element-fbc123b ae-bg-gallery-type-default\" data-id=\"fbc123b\" data-element_type=\"column\">\n\t\t\t<div class=\"elementor-widget-wrap elementor-element-populated\">\n\t\t\t\t\t\t<div class=\"elementor-element elementor-element-8067666 elementor-widget elementor-widget-text-editor\" data-id=\"8067666\" data-element_type=\"widget\" data-widget_type=\"text-editor.default\">\n\t\t\t\t<div class=\"elementor-widget-container\">\n\t\t\t\t\t\t\t<p><b>25.00 \u20ac\/tk<\/b><\/p>\t\t\t\t\t\t<\/div>\n\t\t\t\t<\/div>\n\t\t\t\t\t<\/div>\n\t\t<\/div>\n\t\t\t\t\t<\/div>\n\t\t<\/section>\n\t\t\t\t\t<\/div>\n\t\t<\/div>\n\t\t\t\t\t<\/div>\n\t\t<\/section>\n\t\t\t\t<\/div>\n\t\t","protected":false},"excerpt":{"rendered":"<p>M\u00e4lukaardidK\u00f5ik hinnad sisaldavad k\u00e4ibemaksu MEDIARANGE micro SDHC m\u00e4lukaart adapteriga \u2022 32 GB\u2022 Class 10\u2022 R\/S 45 MB\/s 7.00 \u20ac\/tk Kingston micro SDHC UHS-I m\u00e4lukaart adapteriga \u2022 32 GB\u2022 Class 10\u2022 R\/S 100 MB\/s 8.50 \u20ac\/tk Kingston micro SDXC UHS-I m\u00e4lukaart adapteriga \u2022 64 GB\u2022 Class 10\u2022 R\/S 100 MB\/s 9.50 \u20ac\/tk Kingston micro SDXC UHS-I [&hellip;]<\/p>\n","protected":false},"author":1,"featured_media":0,"parent":0,"menu_order":0,"comment_status":"closed","ping_status":"closed","template":"","meta":{"_acf_changed":false,"footnotes":""},"class_list":["post-5335","page","type-page","status-publish","hentry","wpbf-post"],"acf":[],"_links":{"self":[{"href":"https:\/\/dev.balticdisc.ee\/en\/wp-json\/wp\/v2\/pages\/5335","targetHints":{"allow":["GET"]}}],"collection":[{"href":"https:\/\/dev.balticdisc.ee\/en\/wp-json\/wp\/v2\/pages"}],"about":[{"href":"https:\/\/dev.balticdisc.ee\/en\/wp-json\/wp\/v2\/types\/page"}],"author":[{"embeddable":true,"href":"https:\/\/dev.balticdisc.ee\/en\/wp-json\/wp\/v2\/users\/1"}],"replies":[{"embeddable":true,"href":"https:\/\/dev.balticdisc.ee\/en\/wp-json\/wp\/v2\/comments?post=5335"}],"version-history":[{"count":5,"href":"https:\/\/dev.balticdisc.ee\/en\/wp-json\/wp\/v2\/pages\/5335\/revisions"}],"predecessor-version":[{"id":12586,"href":"https:\/\/dev.balticdisc.ee\/en\/wp-json\/wp\/v2\/pages\/5335\/revisions\/12586"}],"wp:attachment":[{"href":"https:\/\/dev.balticdisc.ee\/en\/wp-json\/wp\/v2\/media?parent=5335"}],"curies":[{"name":"wp","href":"https:\/\/api.w.org\/{rel}","templated":true}]}}