{"id":31,"date":"2018-09-14T21:15:46","date_gmt":"2018-09-14T18:15:46","guid":{"rendered":"https:\/\/dev.balticdisc.ee\/?page_id=31"},"modified":"2024-11-30T11:09:03","modified_gmt":"2024-11-30T09:09:03","slug":"tooted","status":"publish","type":"page","link":"https:\/\/dev.balticdisc.ee\/en\/tooted\/","title":{"rendered":"Tooted"},"content":{"rendered":"\t\t<div data-elementor-type=\"wp-post\" data-elementor-id=\"31\" class=\"elementor elementor-31\" data-elementor-post-type=\"page\">\n\t\t\t\t\t\t<section class=\"has_ae_slider elementor-section elementor-top-section elementor-element elementor-element-481e2ac6 elementor-section-boxed elementor-section-height-default elementor-section-height-default ae-bg-gallery-type-default\" data-id=\"481e2ac6\" data-element_type=\"section\">\n\t\t\t\t\t\t<div class=\"elementor-container elementor-column-gap-default\">\n\t\t\t\t\t<div class=\"has_ae_slider elementor-column elementor-col-50 elementor-top-column elementor-element elementor-element-54eb9e47 ae-bg-gallery-type-default\" data-id=\"54eb9e47\" data-element_type=\"column\">\n\t\t\t<div class=\"elementor-widget-wrap elementor-element-populated\">\n\t\t\t\t\t\t\t<\/div>\n\t\t<\/div>\n\t\t\t\t<div class=\"has_ae_slider elementor-column elementor-col-50 elementor-top-column elementor-element elementor-element-aa7070e ae-bg-gallery-type-default\" data-id=\"aa7070e\" data-element_type=\"column\">\n\t\t\t<div class=\"elementor-widget-wrap elementor-element-populated\">\n\t\t\t\t\t\t<div class=\"elementor-element elementor-element-9fd6088 elementor-widget elementor-widget-text-editor\" data-id=\"9fd6088\" data-element_type=\"widget\" data-widget_type=\"text-editor.default\">\n\t\t\t\t<div class=\"elementor-widget-container\">\n\t\t\t\t\t\t\t<p>Tooteid on v\u00f5imalik tellida koju k\u00e4tte v\u00f5i pakiautomaati. Valige vasakust men\u00fc\u00fcst v\u00e4lja sobiv toode\/tooted ning saatke sellekohane e-kiri aadressile &#8211; <a style=\"background-color: #ffffff;\" href=\"mailto:info@balticdisc.ee\">info@balticdisc.ee<\/a> oma kontaktandmetega (kellele vormistada arve ning kuhu kaup saata). Peale seda v\u00e4ljastame arve ning kui see on meile laekunud siis paneme kauba Omniva\/SmartPost\/Jet Express kullerteenusega teele. Saatmiskulud tasub tellija.<\/p><p>V\u00f5imalus on soetada tooteid ka osta.ee lehe kaudu (kasutaja &#8211; cdlahe).<\/p><p>Head ostlemist !<\/p><p><strong>K\u00f5ikide toodete hinnad sisaldavad k\u00e4ibemaksu !<\/strong><\/p>\t\t\t\t\t\t<\/div>\n\t\t\t\t<\/div>\n\t\t\t\t<div class=\"elementor-element elementor-element-629ad80 elementor-arrows-position-outside elementor-widget elementor-widget-image-carousel\" data-id=\"629ad80\" data-element_type=\"widget\" data-settings=\"{&quot;slides_to_show&quot;:&quot;3&quot;,&quot;navigation&quot;:&quot;arrows&quot;,&quot;autoplay&quot;:&quot;yes&quot;,&quot;pause_on_hover&quot;:&quot;yes&quot;,&quot;pause_on_interaction&quot;:&quot;yes&quot;,&quot;autoplay_speed&quot;:5000,&quot;infinite&quot;:&quot;yes&quot;,&quot;speed&quot;:500}\" data-widget_type=\"image-carousel.default\">\n\t\t\t\t<div class=\"elementor-widget-container\">\n\t\t\t\t\t<div class=\"elementor-image-carousel-wrapper swiper\" dir=\"ltr\">\n\t\t\t<div class=\"elementor-image-carousel swiper-wrapper\" aria-live=\"off\">\n\t\t\t\t\t\t\t\t<div class=\"swiper-slide\" role=\"group\" aria-roledescription=\"slide\" aria-label=\"1 of 7\"><figure class=\"swiper-slide-inner\"><img decoding=\"async\" class=\"swiper-slide-image\" src=\"https:\/\/dev.balticdisc.ee\/wp-content\/uploads\/elementor\/thumbs\/Maxell-qw9xdrn20fnlysw6ovw99kzceb9hjxk5pqxt203hwo.png\" alt=\"Maxell\" \/><\/figure><\/div><div class=\"swiper-slide\" role=\"group\" aria-roledescription=\"slide\" aria-label=\"2 of 7\"><figure class=\"swiper-slide-inner\"><img decoding=\"async\" class=\"swiper-slide-image\" src=\"https:\/\/dev.balticdisc.ee\/wp-content\/uploads\/elementor\/thumbs\/Mediarange-qw9xdrn20fnlysw6ovw99kzceb9hjxk5pqxt203hwo.png\" alt=\"Mediarange\" \/><\/figure><\/div><div class=\"swiper-slide\" role=\"group\" aria-roledescription=\"slide\" aria-label=\"3 of 7\"><figure class=\"swiper-slide-inner\"><img decoding=\"async\" class=\"swiper-slide-image\" src=\"https:\/\/dev.balticdisc.ee\/wp-content\/uploads\/elementor\/thumbs\/Moserbaer-qw9xdrn20fnlysw6ovw99kzceb9hjxk5pqxt203hwo.png\" alt=\"Moserbaer\" \/><\/figure><\/div><div class=\"swiper-slide\" role=\"group\" aria-roledescription=\"slide\" aria-label=\"4 of 7\"><figure class=\"swiper-slide-inner\"><img decoding=\"async\" class=\"swiper-slide-image\" src=\"https:\/\/dev.balticdisc.ee\/wp-content\/uploads\/elementor\/thumbs\/Philips-qw9xdqp7tlmbn6xjudhmp37vsxe4c8gfdmabkq4w2w.png\" alt=\"Philips\" \/><\/figure><\/div><div class=\"swiper-slide\" role=\"group\" aria-roledescription=\"slide\" aria-label=\"5 of 7\"><figure class=\"swiper-slide-inner\"><img decoding=\"async\" class=\"swiper-slide-image\" src=\"https:\/\/dev.balticdisc.ee\/wp-content\/uploads\/elementor\/thumbs\/Ritek-qw9xdrn20fnlysw6ovw99kzceb9hjxk5pqxt203hwo.png\" alt=\"Ritek\" \/><\/figure><\/div><div class=\"swiper-slide\" role=\"group\" aria-roledescription=\"slide\" aria-label=\"6 of 7\"><figure class=\"swiper-slide-inner\"><img decoding=\"async\" class=\"swiper-slide-image\" src=\"https:\/\/dev.balticdisc.ee\/wp-content\/uploads\/elementor\/thumbs\/TDK-qw9xdqp7tlmbn6xjudhmp37vsxe4c8gfdmabkq4w2w.png\" alt=\"TDK\" \/><\/figure><\/div><div class=\"swiper-slide\" role=\"group\" aria-roledescription=\"slide\" aria-label=\"7 of 7\"><figure class=\"swiper-slide-inner\"><img decoding=\"async\" class=\"swiper-slide-image\" src=\"https:\/\/dev.balticdisc.ee\/wp-content\/uploads\/elementor\/thumbs\/Verbatim-qw9xdqp7tlmbn6xjudhmp37vsxe4c8gfdmabkq4w2w.png\" alt=\"Verbatim\" \/><\/figure><\/div>\t\t\t<\/div>\n\t\t\t\t\t\t\t\t\t\t\t\t<div class=\"elementor-swiper-button elementor-swiper-button-prev\" role=\"button\" tabindex=\"0\">\n\t\t\t\t\t\t<i aria-hidden=\"true\" class=\"eicon-chevron-left\"><\/i>\t\t\t\t\t<\/div>\n\t\t\t\t\t<div class=\"elementor-swiper-button elementor-swiper-button-next\" role=\"button\" tabindex=\"0\">\n\t\t\t\t\t\t<i aria-hidden=\"true\" class=\"eicon-chevron-right\"><\/i>\t\t\t\t\t<\/div>\n\t\t\t\t\n\t\t\t\t\t\t\t\t\t<\/div>\n\t\t\t\t<\/div>\n\t\t\t\t<\/div>\n\t\t\t\t\t<\/div>\n\t\t<\/div>\n\t\t\t\t\t<\/div>\n\t\t<\/section>\n\t\t\t\t<\/div>\n\t\t","protected":false},"excerpt":{"rendered":"<p>Tooteid on v\u00f5imalik tellida koju k\u00e4tte v\u00f5i pakiautomaati. Valige vasakust men\u00fc\u00fcst v\u00e4lja sobiv toode\/tooted ning saatke sellekohane e-kiri aadressile &#8211; info@balticdisc.ee oma kontaktandmetega (kellele vormistada arve ning kuhu kaup saata). Peale seda v\u00e4ljastame arve ning kui see on meile laekunud siis paneme kauba Omniva\/SmartPost\/Jet Express kullerteenusega teele. Saatmiskulud tasub tellija. V\u00f5imalus on soetada tooteid ka [&hellip;]<\/p>\n","protected":false},"author":1,"featured_media":0,"parent":0,"menu_order":0,"comment_status":"closed","ping_status":"closed","template":"","meta":{"_acf_changed":false,"footnotes":""},"class_list":["post-31","page","type-page","status-publish","hentry","wpbf-post"],"acf":[],"_links":{"self":[{"href":"https:\/\/dev.balticdisc.ee\/en\/wp-json\/wp\/v2\/pages\/31","targetHints":{"allow":["GET"]}}],"collection":[{"href":"https:\/\/dev.balticdisc.ee\/en\/wp-json\/wp\/v2\/pages"}],"about":[{"href":"https:\/\/dev.balticdisc.ee\/en\/wp-json\/wp\/v2\/types\/page"}],"author":[{"embeddable":true,"href":"https:\/\/dev.balticdisc.ee\/en\/wp-json\/wp\/v2\/users\/1"}],"replies":[{"embeddable":true,"href":"https:\/\/dev.balticdisc.ee\/en\/wp-json\/wp\/v2\/comments?post=31"}],"version-history":[{"count":5,"href":"https:\/\/dev.balticdisc.ee\/en\/wp-json\/wp\/v2\/pages\/31\/revisions"}],"predecessor-version":[{"id":11567,"href":"https:\/\/dev.balticdisc.ee\/en\/wp-json\/wp\/v2\/pages\/31\/revisions\/11567"}],"wp:attachment":[{"href":"https:\/\/dev.balticdisc.ee\/en\/wp-json\/wp\/v2\/media?parent=31"}],"curies":[{"name":"wp","href":"https:\/\/api.w.org\/{rel}","templated":true}]}}