{"id":1086,"date":"2018-09-19T00:58:31","date_gmt":"2018-09-18T21:58:31","guid":{"rendered":"https:\/\/dev.balticdisc.ee\/?page_id=1086"},"modified":"2026-02-12T18:32:01","modified_gmt":"2026-02-12T16:32:01","slug":"tarvikud","status":"publish","type":"page","link":"https:\/\/dev.balticdisc.ee\/en\/tarvikud\/","title":{"rendered":"Tarvikud"},"content":{"rendered":"\t\t<div data-elementor-type=\"wp-post\" data-elementor-id=\"1086\" class=\"elementor elementor-1086\" data-elementor-post-type=\"page\">\n\t\t\t\t\t\t<section class=\"has_ae_slider elementor-section elementor-top-section elementor-element elementor-element-cfc9aaa elementor-section-boxed elementor-section-height-default elementor-section-height-default ae-bg-gallery-type-default\" data-id=\"cfc9aaa\" data-element_type=\"section\">\n\t\t\t\t\t\t<div class=\"elementor-container elementor-column-gap-default\">\n\t\t\t\t\t<div class=\"has_ae_slider elementor-column elementor-col-50 elementor-top-column elementor-element elementor-element-785f4b2 ae-bg-gallery-type-default\" data-id=\"785f4b2\" data-element_type=\"column\">\n\t\t\t<div class=\"elementor-widget-wrap elementor-element-populated\">\n\t\t\t\t\t\t\t<\/div>\n\t\t<\/div>\n\t\t\t\t<div class=\"has_ae_slider elementor-column elementor-col-50 elementor-top-column elementor-element elementor-element-09478d3 ae-bg-gallery-type-default\" data-id=\"09478d3\" data-element_type=\"column\">\n\t\t\t<div class=\"elementor-widget-wrap elementor-element-populated\">\n\t\t\t\t\t\t<div class=\"elementor-element elementor-element-168bf5f elementor-widget elementor-widget-text-editor\" data-id=\"168bf5f\" data-element_type=\"widget\" data-widget_type=\"text-editor.default\">\n\t\t\t\t<div class=\"elementor-widget-container\">\n\t\t\t\t\t\t\t<h2><strong>Tarvikud<\/strong><\/h2><p><strong>K\u00f5ik hinnad sisaldavad k\u00e4ibemaksu<\/strong><\/p>\t\t\t\t\t\t<\/div>\n\t\t\t\t<\/div>\n\t\t\t\t<section class=\"has_ae_slider elementor-section elementor-inner-section elementor-element elementor-element-37d9f83 elementor-section-boxed elementor-section-height-default elementor-section-height-default ae-bg-gallery-type-default\" data-id=\"37d9f83\" data-element_type=\"section\">\n\t\t\t\t\t\t<div class=\"elementor-container elementor-column-gap-default\">\n\t\t\t\t\t<div class=\"has_ae_slider elementor-column elementor-col-33 elementor-inner-column elementor-element elementor-element-04ea774 ae-bg-gallery-type-default\" data-id=\"04ea774\" data-element_type=\"column\">\n\t\t\t<div class=\"elementor-widget-wrap elementor-element-populated\">\n\t\t\t\t\t\t<div class=\"elementor-element elementor-element-6d3f3cb elementor-widget elementor-widget-image\" data-id=\"6d3f3cb\" data-element_type=\"widget\" data-widget_type=\"image.default\">\n\t\t\t\t<div class=\"elementor-widget-container\">\n\t\t\t\t\t\t\t\t\t\t\t\t\t\t<a href=\"https:\/\/dev.balticdisc.ee\/wp-content\/uploads\/2023\/05\/mark1.gif\" data-elementor-open-lightbox=\"yes\" data-e-action-hash=\"#elementor-action%3Aaction%3Dlightbox%26settings%3DeyJpZCI6OTg3MywidXJsIjoiaHR0cHM6XC9cL2Rldi5iYWx0aWNkaXNjLmVlXC93cC1jb250ZW50XC91cGxvYWRzXC8yMDIzXC8wNVwvbWFyazEuZ2lmIn0%3D\">\n\t\t\t\t\t\t\t<img decoding=\"async\" src=\"https:\/\/dev.balticdisc.ee\/wp-content\/uploads\/elementor\/thumbs\/mark1-qw9xeju5vokp5a7760588h9nfjzgizsw6wmaa49rls.gif\" title=\"mark1\" alt=\"mark1\" loading=\"lazy\" \/>\t\t\t\t\t\t\t\t<\/a>\n\t\t\t\t\t\t\t\t\t\t\t\t\t<\/div>\n\t\t\t\t<\/div>\n\t\t\t\t\t<\/div>\n\t\t<\/div>\n\t\t\t\t<div class=\"has_ae_slider elementor-column elementor-col-33 elementor-inner-column elementor-element elementor-element-8e57cfc ae-bg-gallery-type-default\" data-id=\"8e57cfc\" data-element_type=\"column\">\n\t\t\t<div class=\"elementor-widget-wrap elementor-element-populated\">\n\t\t\t\t\t\t<div class=\"elementor-element elementor-element-bc1598b elementor-widget elementor-widget-text-editor\" data-id=\"bc1598b\" data-element_type=\"widget\" data-widget_type=\"text-editor.default\">\n\t\t\t\t<div class=\"elementor-widget-container\">\n\t\t\t\t\t\t\t<p><strong>MARKER, veekindel, \u00fcmara otsaga, must<\/strong><\/p><p>\u2022 Pakis 1 tk<\/p>\t\t\t\t\t\t<\/div>\n\t\t\t\t<\/div>\n\t\t\t\t\t<\/div>\n\t\t<\/div>\n\t\t\t\t<div class=\"has_ae_slider elementor-column elementor-col-33 elementor-inner-column elementor-element elementor-element-31ca880 ae-bg-gallery-type-default\" data-id=\"31ca880\" data-element_type=\"column\">\n\t\t\t<div class=\"elementor-widget-wrap elementor-element-populated\">\n\t\t\t\t\t\t<div class=\"elementor-element elementor-element-778e8df elementor-widget elementor-widget-text-editor\" data-id=\"778e8df\" data-element_type=\"widget\" data-widget_type=\"text-editor.default\">\n\t\t\t\t<div class=\"elementor-widget-container\">\n\t\t\t\t\t\t\t<p><b>1.00 \u20ac\/tk<\/b><\/p>\t\t\t\t\t\t<\/div>\n\t\t\t\t<\/div>\n\t\t\t\t\t<\/div>\n\t\t<\/div>\n\t\t\t\t\t<\/div>\n\t\t<\/section>\n\t\t\t\t<section class=\"has_ae_slider elementor-section elementor-inner-section elementor-element elementor-element-8bca3e3 elementor-section-boxed elementor-section-height-default elementor-section-height-default ae-bg-gallery-type-default\" data-id=\"8bca3e3\" data-element_type=\"section\">\n\t\t\t\t\t\t<div class=\"elementor-container elementor-column-gap-default\">\n\t\t\t\t\t<div class=\"has_ae_slider elementor-column elementor-col-33 elementor-inner-column elementor-element elementor-element-ab4f00d ae-bg-gallery-type-default\" data-id=\"ab4f00d\" data-element_type=\"column\">\n\t\t\t<div class=\"elementor-widget-wrap elementor-element-populated\">\n\t\t\t\t\t\t<div class=\"elementor-element elementor-element-d80fd5f elementor-widget elementor-widget-image\" data-id=\"d80fd5f\" data-element_type=\"widget\" data-widget_type=\"image.default\">\n\t\t\t\t<div class=\"elementor-widget-container\">\n\t\t\t\t\t\t\t\t\t\t\t\t\t\t<a href=\"https:\/\/dev.balticdisc.ee\/wp-content\/uploads\/2018\/09\/marker_3tk.png\" data-elementor-open-lightbox=\"yes\" data-e-action-hash=\"#elementor-action%3Aaction%3Dlightbox%26settings%3DeyJpZCI6NjczMCwidXJsIjoiaHR0cHM6XC9cL2Rldi5iYWx0aWNkaXNjLmVlXC93cC1jb250ZW50XC91cGxvYWRzXC8yMDE4XC8wOVwvbWFya2VyXzN0ay5wbmcifQ%3D%3D\">\n\t\t\t\t\t\t\t<img decoding=\"async\" src=\"https:\/\/dev.balticdisc.ee\/wp-content\/uploads\/elementor\/thumbs\/marker_3tk-qw9xdqp5ztgt5ddiw5jsl6md0lz2wdl7qwe8ejgyyo.png\" title=\"marker_3tk\" alt=\"marker_3tk\" loading=\"lazy\" \/>\t\t\t\t\t\t\t\t<\/a>\n\t\t\t\t\t\t\t\t\t\t\t\t\t<\/div>\n\t\t\t\t<\/div>\n\t\t\t\t\t<\/div>\n\t\t<\/div>\n\t\t\t\t<div class=\"has_ae_slider elementor-column elementor-col-33 elementor-inner-column elementor-element elementor-element-fea8271 ae-bg-gallery-type-default\" data-id=\"fea8271\" data-element_type=\"column\">\n\t\t\t<div class=\"elementor-widget-wrap elementor-element-populated\">\n\t\t\t\t\t\t<div class=\"elementor-element elementor-element-2d97f41 elementor-widget elementor-widget-text-editor\" data-id=\"2d97f41\" data-element_type=\"widget\" data-widget_type=\"text-editor.default\">\n\t\t\t\t<div class=\"elementor-widget-container\">\n\t\t\t\t\t\t\t<p><strong>CD\/DVD PLIIATSID MEDIARANGE<\/strong><\/p><p>\u2022 Pakis 3 tk<\/p>\t\t\t\t\t\t<\/div>\n\t\t\t\t<\/div>\n\t\t\t\t\t<\/div>\n\t\t<\/div>\n\t\t\t\t<div class=\"has_ae_slider elementor-column elementor-col-33 elementor-inner-column elementor-element elementor-element-e3edfc6 ae-bg-gallery-type-default\" data-id=\"e3edfc6\" data-element_type=\"column\">\n\t\t\t<div class=\"elementor-widget-wrap elementor-element-populated\">\n\t\t\t\t\t\t<div class=\"elementor-element elementor-element-44419f1 elementor-widget elementor-widget-text-editor\" data-id=\"44419f1\" data-element_type=\"widget\" data-widget_type=\"text-editor.default\">\n\t\t\t\t<div class=\"elementor-widget-container\">\n\t\t\t\t\t\t\t<p><b>2.00 \u20ac\/tk<\/b><\/p>\t\t\t\t\t\t<\/div>\n\t\t\t\t<\/div>\n\t\t\t\t\t<\/div>\n\t\t<\/div>\n\t\t\t\t\t<\/div>\n\t\t<\/section>\n\t\t\t\t<section class=\"has_ae_slider elementor-section elementor-inner-section elementor-element elementor-element-7b5d832 elementor-section-boxed elementor-section-height-default elementor-section-height-default ae-bg-gallery-type-default\" data-id=\"7b5d832\" data-element_type=\"section\">\n\t\t\t\t\t\t<div class=\"elementor-container elementor-column-gap-default\">\n\t\t\t\t\t<div class=\"has_ae_slider elementor-column elementor-col-33 elementor-inner-column elementor-element elementor-element-ba6f038 ae-bg-gallery-type-default\" data-id=\"ba6f038\" data-element_type=\"column\">\n\t\t\t<div class=\"elementor-widget-wrap elementor-element-populated\">\n\t\t\t\t\t\t<div class=\"elementor-element elementor-element-d5a919a elementor-widget elementor-widget-image\" data-id=\"d5a919a\" data-element_type=\"widget\" data-widget_type=\"image.default\">\n\t\t\t\t<div class=\"elementor-widget-container\">\n\t\t\t\t\t\t\t\t\t\t\t\t\t\t<a href=\"https:\/\/dev.balticdisc.ee\/wp-content\/uploads\/2026\/02\/99718_ScreenCleaningSpray_UK-1.gif\" data-elementor-open-lightbox=\"yes\" data-e-action-hash=\"#elementor-action%3Aaction%3Dlightbox%26settings%3DeyJpZCI6MTI1MzgsInVybCI6Imh0dHBzOlwvXC9kZXYuYmFsdGljZGlzYy5lZVwvd3AtY29udGVudFwvdXBsb2Fkc1wvMjAyNlwvMDJcLzk5NzE4X1NjcmVlbkNsZWFuaW5nU3ByYXlfVUstMS5naWYifQ%3D%3D\">\n\t\t\t\t\t\t\t<img decoding=\"async\" src=\"https:\/\/dev.balticdisc.ee\/wp-content\/uploads\/elementor\/thumbs\/99718_ScreenCleaningSpray_UK-1-rj1xygeg0ldx476zjoa9m9leuc9krgk2d23cdv7z0g.gif\" title=\"99718_ScreenCleaningSpray_UK-1\" alt=\"99718_ScreenCleaningSpray_UK-1\" loading=\"lazy\" \/>\t\t\t\t\t\t\t\t<\/a>\n\t\t\t\t\t\t\t\t\t\t\t\t\t<\/div>\n\t\t\t\t<\/div>\n\t\t\t\t\t<\/div>\n\t\t<\/div>\n\t\t\t\t<div class=\"has_ae_slider elementor-column elementor-col-33 elementor-inner-column elementor-element elementor-element-e7530ce ae-bg-gallery-type-default\" data-id=\"e7530ce\" data-element_type=\"column\">\n\t\t\t<div class=\"elementor-widget-wrap elementor-element-populated\">\n\t\t\t\t\t\t<div class=\"elementor-element elementor-element-7d1ee55 elementor-widget elementor-widget-text-editor\" data-id=\"7d1ee55\" data-element_type=\"widget\" data-widget_type=\"text-editor.default\">\n\t\t\t\t<div class=\"elementor-widget-container\">\n\t\t\t\t\t\t\t<p><strong>Ekraanipuhastusspray FELLOWES<\/strong><\/p><p>\u2022 250 ml<br \/>\u2022 TFT\/LCD ekraanidele<\/p>\t\t\t\t\t\t<\/div>\n\t\t\t\t<\/div>\n\t\t\t\t\t<\/div>\n\t\t<\/div>\n\t\t\t\t<div class=\"has_ae_slider elementor-column elementor-col-33 elementor-inner-column elementor-element elementor-element-2138d78 ae-bg-gallery-type-default\" data-id=\"2138d78\" data-element_type=\"column\">\n\t\t\t<div class=\"elementor-widget-wrap elementor-element-populated\">\n\t\t\t\t\t\t<div class=\"elementor-element elementor-element-ca63616 elementor-widget elementor-widget-text-editor\" data-id=\"ca63616\" data-element_type=\"widget\" data-widget_type=\"text-editor.default\">\n\t\t\t\t<div class=\"elementor-widget-container\">\n\t\t\t\t\t\t\t<p><b>5.50 \u20ac\/tk<\/b><\/p>\t\t\t\t\t\t<\/div>\n\t\t\t\t<\/div>\n\t\t\t\t\t<\/div>\n\t\t<\/div>\n\t\t\t\t\t<\/div>\n\t\t<\/section>\n\t\t\t\t<section class=\"has_ae_slider elementor-section elementor-inner-section elementor-element elementor-element-7033b29 elementor-section-boxed elementor-section-height-default elementor-section-height-default ae-bg-gallery-type-default\" data-id=\"7033b29\" data-element_type=\"section\">\n\t\t\t\t\t\t<div class=\"elementor-container elementor-column-gap-default\">\n\t\t\t\t\t<div class=\"has_ae_slider elementor-column elementor-col-33 elementor-inner-column elementor-element elementor-element-d128962 ae-bg-gallery-type-default\" data-id=\"d128962\" data-element_type=\"column\">\n\t\t\t<div class=\"elementor-widget-wrap elementor-element-populated\">\n\t\t\t\t\t\t<div class=\"elementor-element elementor-element-10d1bc6 elementor-widget elementor-widget-image\" data-id=\"10d1bc6\" data-element_type=\"widget\" data-widget_type=\"image.default\">\n\t\t\t\t<div class=\"elementor-widget-container\">\n\t\t\t\t\t\t\t\t\t\t\t\t\t\t<a href=\"https:\/\/dev.balticdisc.ee\/wp-content\/uploads\/2026\/02\/foam.gif\" data-elementor-open-lightbox=\"yes\" data-e-action-hash=\"#elementor-action%3Aaction%3Dlightbox%26settings%3DeyJpZCI6MTI1NDQsInVybCI6Imh0dHBzOlwvXC9kZXYuYmFsdGljZGlzYy5lZVwvd3AtY29udGVudFwvdXBsb2Fkc1wvMjAyNlwvMDJcL2ZvYW0uZ2lmIn0%3D\">\n\t\t\t\t\t\t\t<img decoding=\"async\" src=\"https:\/\/dev.balticdisc.ee\/wp-content\/uploads\/elementor\/thumbs\/foam-rj1y63t5n1uxly2xvhbyeu3gw8k4erxf2x8lzxvmdc.gif\" title=\"foam\" alt=\"foam\" loading=\"lazy\" \/>\t\t\t\t\t\t\t\t<\/a>\n\t\t\t\t\t\t\t\t\t\t\t\t\t<\/div>\n\t\t\t\t<\/div>\n\t\t\t\t\t<\/div>\n\t\t<\/div>\n\t\t\t\t<div class=\"has_ae_slider elementor-column elementor-col-33 elementor-inner-column elementor-element elementor-element-7465127 ae-bg-gallery-type-default\" data-id=\"7465127\" data-element_type=\"column\">\n\t\t\t<div class=\"elementor-widget-wrap elementor-element-populated\">\n\t\t\t\t\t\t<div class=\"elementor-element elementor-element-992f496 elementor-widget elementor-widget-text-editor\" data-id=\"992f496\" data-element_type=\"widget\" data-widget_type=\"text-editor.default\">\n\t\t\t\t<div class=\"elementor-widget-container\">\n\t\t\t\t\t\t\t<p><strong>Ekraanipuhastusvaht GEMBIRD<\/strong><\/p><p>\u2022 400 ml<br \/>\u2022 Kaasas lapp<br \/>\u2022 TFT\/LCD ekraanidele<\/p>\t\t\t\t\t\t<\/div>\n\t\t\t\t<\/div>\n\t\t\t\t\t<\/div>\n\t\t<\/div>\n\t\t\t\t<div class=\"has_ae_slider elementor-column elementor-col-33 elementor-inner-column elementor-element elementor-element-c785cca ae-bg-gallery-type-default\" data-id=\"c785cca\" data-element_type=\"column\">\n\t\t\t<div class=\"elementor-widget-wrap elementor-element-populated\">\n\t\t\t\t\t\t<div class=\"elementor-element elementor-element-39cb67c elementor-widget elementor-widget-text-editor\" data-id=\"39cb67c\" data-element_type=\"widget\" data-widget_type=\"text-editor.default\">\n\t\t\t\t<div class=\"elementor-widget-container\">\n\t\t\t\t\t\t\t<p><strong>4.50 \u20ac\/tk<\/strong><\/p>\t\t\t\t\t\t<\/div>\n\t\t\t\t<\/div>\n\t\t\t\t\t<\/div>\n\t\t<\/div>\n\t\t\t\t\t<\/div>\n\t\t<\/section>\n\t\t\t\t<section class=\"has_ae_slider elementor-section elementor-inner-section elementor-element elementor-element-bc91ac9 elementor-section-boxed elementor-section-height-default elementor-section-height-default ae-bg-gallery-type-default\" data-id=\"bc91ac9\" data-element_type=\"section\">\n\t\t\t\t\t\t<div class=\"elementor-container elementor-column-gap-default\">\n\t\t\t\t\t<div class=\"has_ae_slider elementor-column elementor-col-33 elementor-inner-column elementor-element elementor-element-5ec6714 ae-bg-gallery-type-default\" data-id=\"5ec6714\" data-element_type=\"column\">\n\t\t\t<div class=\"elementor-widget-wrap elementor-element-populated\">\n\t\t\t\t\t\t<div class=\"elementor-element elementor-element-3ee903b elementor-widget elementor-widget-image\" data-id=\"3ee903b\" data-element_type=\"widget\" data-widget_type=\"image.default\">\n\t\t\t\t<div class=\"elementor-widget-container\">\n\t\t\t\t\t\t\t\t\t\t\t\t\t\t<a href=\"https:\/\/dev.balticdisc.ee\/wp-content\/uploads\/2021\/05\/gemb-400.gif\" data-elementor-open-lightbox=\"yes\" data-e-action-hash=\"#elementor-action%3Aaction%3Dlightbox%26settings%3DeyJpZCI6NzM2NywidXJsIjoiaHR0cHM6XC9cL2Rldi5iYWx0aWNkaXNjLmVlXC93cC1jb250ZW50XC91cGxvYWRzXC8yMDIxXC8wNVwvZ2VtYi00MDAuZ2lmIn0%3D\">\n\t\t\t\t\t\t\t<img decoding=\"async\" src=\"https:\/\/dev.balticdisc.ee\/wp-content\/uploads\/elementor\/thumbs\/gemb-400-qw9xeju5vokp5a7760588h9nfjzgizsw6wmaa49rls.gif\" title=\"gemb 400\" alt=\"gemb 400\" loading=\"lazy\" \/>\t\t\t\t\t\t\t\t<\/a>\n\t\t\t\t\t\t\t\t\t\t\t\t\t<\/div>\n\t\t\t\t<\/div>\n\t\t\t\t\t<\/div>\n\t\t<\/div>\n\t\t\t\t<div class=\"has_ae_slider elementor-column elementor-col-33 elementor-inner-column elementor-element elementor-element-4206284 ae-bg-gallery-type-default\" data-id=\"4206284\" data-element_type=\"column\">\n\t\t\t<div class=\"elementor-widget-wrap elementor-element-populated\">\n\t\t\t\t\t\t<div class=\"elementor-element elementor-element-88c7f3e elementor-widget elementor-widget-text-editor\" data-id=\"88c7f3e\" data-element_type=\"widget\" data-widget_type=\"text-editor.default\">\n\t\t\t\t<div class=\"elementor-widget-container\">\n\t\t\t\t\t\t\t<p><strong>Suru\u00f5hk GEMBIRD<\/strong><\/p><p>\u2022 400 ml<\/p>\t\t\t\t\t\t<\/div>\n\t\t\t\t<\/div>\n\t\t\t\t\t<\/div>\n\t\t<\/div>\n\t\t\t\t<div class=\"has_ae_slider elementor-column elementor-col-33 elementor-inner-column elementor-element elementor-element-3304b7f ae-bg-gallery-type-default\" data-id=\"3304b7f\" data-element_type=\"column\">\n\t\t\t<div class=\"elementor-widget-wrap elementor-element-populated\">\n\t\t\t\t\t\t<div class=\"elementor-element elementor-element-5af8ddc elementor-widget elementor-widget-text-editor\" data-id=\"5af8ddc\" data-element_type=\"widget\" data-widget_type=\"text-editor.default\">\n\t\t\t\t<div class=\"elementor-widget-container\">\n\t\t\t\t\t\t\t<p><strong>3.50 \u20ac\/tk<\/strong><\/p>\t\t\t\t\t\t<\/div>\n\t\t\t\t<\/div>\n\t\t\t\t\t<\/div>\n\t\t<\/div>\n\t\t\t\t\t<\/div>\n\t\t<\/section>\n\t\t\t\t<section class=\"has_ae_slider elementor-section elementor-inner-section elementor-element elementor-element-2f16e44 elementor-section-boxed elementor-section-height-default elementor-section-height-default ae-bg-gallery-type-default\" data-id=\"2f16e44\" data-element_type=\"section\">\n\t\t\t\t\t\t<div class=\"elementor-container elementor-column-gap-default\">\n\t\t\t\t\t<div class=\"has_ae_slider elementor-column elementor-col-33 elementor-inner-column elementor-element elementor-element-90cca7f ae-bg-gallery-type-default\" data-id=\"90cca7f\" data-element_type=\"column\">\n\t\t\t<div class=\"elementor-widget-wrap elementor-element-populated\">\n\t\t\t\t\t\t<div class=\"elementor-element elementor-element-9afbca4 elementor-widget elementor-widget-image\" data-id=\"9afbca4\" data-element_type=\"widget\" data-widget_type=\"image.default\">\n\t\t\t\t<div class=\"elementor-widget-container\">\n\t\t\t\t\t\t\t\t\t\t\t\t\t\t<a href=\"https:\/\/dev.balticdisc.ee\/wp-content\/uploads\/2021\/02\/gem-600.png\" data-elementor-open-lightbox=\"yes\" data-e-action-hash=\"#elementor-action%3Aaction%3Dlightbox%26settings%3DeyJpZCI6NzI3OSwidXJsIjoiaHR0cHM6XC9cL2Rldi5iYWx0aWNkaXNjLmVlXC93cC1jb250ZW50XC91cGxvYWRzXC8yMDIxXC8wMlwvZ2VtLTYwMC5wbmcifQ%3D%3D\">\n\t\t\t\t\t\t\t<img decoding=\"async\" src=\"https:\/\/dev.balticdisc.ee\/wp-content\/uploads\/elementor\/thumbs\/gem-600-qw9xdskudhjdslasl6d1q65a7dptbrsof5p7d3e6m8.png\" title=\"gem 600\" alt=\"gem 600\" loading=\"lazy\" \/>\t\t\t\t\t\t\t\t<\/a>\n\t\t\t\t\t\t\t\t\t\t\t\t\t<\/div>\n\t\t\t\t<\/div>\n\t\t\t\t\t<\/div>\n\t\t<\/div>\n\t\t\t\t<div class=\"has_ae_slider elementor-column elementor-col-33 elementor-inner-column elementor-element elementor-element-0400d21 ae-bg-gallery-type-default\" data-id=\"0400d21\" data-element_type=\"column\">\n\t\t\t<div class=\"elementor-widget-wrap elementor-element-populated\">\n\t\t\t\t\t\t<div class=\"elementor-element elementor-element-2dbc6b6 elementor-widget elementor-widget-text-editor\" data-id=\"2dbc6b6\" data-element_type=\"widget\" data-widget_type=\"text-editor.default\">\n\t\t\t\t<div class=\"elementor-widget-container\">\n\t\t\t\t\t\t\t<p><strong>Suru\u00f5hk GEMBIRD<\/strong><\/p><p>\u2022 600 ml<\/p>\t\t\t\t\t\t<\/div>\n\t\t\t\t<\/div>\n\t\t\t\t\t<\/div>\n\t\t<\/div>\n\t\t\t\t<div class=\"has_ae_slider elementor-column elementor-col-33 elementor-inner-column elementor-element elementor-element-da674de ae-bg-gallery-type-default\" data-id=\"da674de\" data-element_type=\"column\">\n\t\t\t<div class=\"elementor-widget-wrap elementor-element-populated\">\n\t\t\t\t\t\t<div class=\"elementor-element elementor-element-c74cbe6 elementor-widget elementor-widget-text-editor\" data-id=\"c74cbe6\" data-element_type=\"widget\" data-widget_type=\"text-editor.default\">\n\t\t\t\t<div class=\"elementor-widget-container\">\n\t\t\t\t\t\t\t<p><strong>4.00 \u20ac\/tk<\/strong><\/p>\t\t\t\t\t\t<\/div>\n\t\t\t\t<\/div>\n\t\t\t\t\t<\/div>\n\t\t<\/div>\n\t\t\t\t\t<\/div>\n\t\t<\/section>\n\t\t\t\t<section class=\"has_ae_slider elementor-section elementor-inner-section elementor-element elementor-element-a09908b elementor-section-boxed elementor-section-height-default elementor-section-height-default ae-bg-gallery-type-default\" data-id=\"a09908b\" data-element_type=\"section\">\n\t\t\t\t\t\t<div class=\"elementor-container elementor-column-gap-default\">\n\t\t\t\t\t<div class=\"has_ae_slider elementor-column elementor-col-33 elementor-inner-column elementor-element elementor-element-69528d1 ae-bg-gallery-type-default\" data-id=\"69528d1\" data-element_type=\"column\">\n\t\t\t<div class=\"elementor-widget-wrap elementor-element-populated\">\n\t\t\t\t\t\t<div class=\"elementor-element elementor-element-cd99900 elementor-widget elementor-widget-image\" data-id=\"cd99900\" data-element_type=\"widget\" data-widget_type=\"image.default\">\n\t\t\t\t<div class=\"elementor-widget-container\">\n\t\t\t\t\t\t\t\t\t\t\t\t\t\t<a href=\"https:\/\/dev.balticdisc.ee\/wp-content\/uploads\/2021\/10\/750ml.gif\" data-elementor-open-lightbox=\"yes\" data-e-action-hash=\"#elementor-action%3Aaction%3Dlightbox%26settings%3DeyJpZCI6NzQzNiwidXJsIjoiaHR0cHM6XC9cL2Rldi5iYWx0aWNkaXNjLmVlXC93cC1jb250ZW50XC91cGxvYWRzXC8yMDIxXC8xMFwvNzUwbWwuZ2lmIn0%3D\">\n\t\t\t\t\t\t\t<img decoding=\"async\" src=\"https:\/\/dev.balticdisc.ee\/wp-content\/uploads\/elementor\/thumbs\/750ml-qw9xeju5vokp5a7760588h9nfjzgizsw6wmaa49rls.gif\" title=\"750ml\" alt=\"750ml\" loading=\"lazy\" \/>\t\t\t\t\t\t\t\t<\/a>\n\t\t\t\t\t\t\t\t\t\t\t\t\t<\/div>\n\t\t\t\t<\/div>\n\t\t\t\t\t<\/div>\n\t\t<\/div>\n\t\t\t\t<div class=\"has_ae_slider elementor-column elementor-col-33 elementor-inner-column elementor-element elementor-element-ca515ed ae-bg-gallery-type-default\" data-id=\"ca515ed\" data-element_type=\"column\">\n\t\t\t<div class=\"elementor-widget-wrap elementor-element-populated\">\n\t\t\t\t\t\t<div class=\"elementor-element elementor-element-64da86c elementor-widget elementor-widget-text-editor\" data-id=\"64da86c\" data-element_type=\"widget\" data-widget_type=\"text-editor.default\">\n\t\t\t\t<div class=\"elementor-widget-container\">\n\t\t\t\t\t\t\t<p><strong>Suru\u00f5hk GEMBIRD<\/strong><\/p><p>\u2022 750 ml<\/p>\t\t\t\t\t\t<\/div>\n\t\t\t\t<\/div>\n\t\t\t\t\t<\/div>\n\t\t<\/div>\n\t\t\t\t<div class=\"has_ae_slider elementor-column elementor-col-33 elementor-inner-column elementor-element elementor-element-b783543 ae-bg-gallery-type-default\" data-id=\"b783543\" data-element_type=\"column\">\n\t\t\t<div class=\"elementor-widget-wrap elementor-element-populated\">\n\t\t\t\t\t\t<div class=\"elementor-element elementor-element-d3ae1c0 elementor-widget elementor-widget-text-editor\" data-id=\"d3ae1c0\" data-element_type=\"widget\" data-widget_type=\"text-editor.default\">\n\t\t\t\t<div class=\"elementor-widget-container\">\n\t\t\t\t\t\t\t<p><strong>4.50 \u20ac\/tk<\/strong><\/p>\t\t\t\t\t\t<\/div>\n\t\t\t\t<\/div>\n\t\t\t\t\t<\/div>\n\t\t<\/div>\n\t\t\t\t\t<\/div>\n\t\t<\/section>\n\t\t\t\t\t<\/div>\n\t\t<\/div>\n\t\t\t\t\t<\/div>\n\t\t<\/section>\n\t\t\t\t<\/div>\n\t\t","protected":false},"excerpt":{"rendered":"<p>Tarvikud K\u00f5ik hinnad sisaldavad k\u00e4ibemaksu MARKER, veekindel, \u00fcmara otsaga, must \u2022 Pakis 1 tk 1.00 \u20ac\/tk CD\/DVD PLIIATSID MEDIARANGE \u2022 Pakis 3 tk 2.00 \u20ac\/tk Ekraanipuhastusspray FELLOWES \u2022 250 ml\u2022 TFT\/LCD ekraanidele 5.50 \u20ac\/tk Ekraanipuhastusvaht GEMBIRD \u2022 400 ml\u2022 Kaasas lapp\u2022 TFT\/LCD ekraanidele 4.50 \u20ac\/tk Suru\u00f5hk GEMBIRD \u2022 400 ml 3.50 \u20ac\/tk Suru\u00f5hk GEMBIRD \u2022 [&hellip;]<\/p>\n","protected":false},"author":1,"featured_media":0,"parent":0,"menu_order":0,"comment_status":"closed","ping_status":"closed","template":"","meta":{"_acf_changed":false,"footnotes":""},"class_list":["post-1086","page","type-page","status-publish","hentry","wpbf-post"],"acf":[],"_links":{"self":[{"href":"https:\/\/dev.balticdisc.ee\/en\/wp-json\/wp\/v2\/pages\/1086","targetHints":{"allow":["GET"]}}],"collection":[{"href":"https:\/\/dev.balticdisc.ee\/en\/wp-json\/wp\/v2\/pages"}],"about":[{"href":"https:\/\/dev.balticdisc.ee\/en\/wp-json\/wp\/v2\/types\/page"}],"author":[{"embeddable":true,"href":"https:\/\/dev.balticdisc.ee\/en\/wp-json\/wp\/v2\/users\/1"}],"replies":[{"embeddable":true,"href":"https:\/\/dev.balticdisc.ee\/en\/wp-json\/wp\/v2\/comments?post=1086"}],"version-history":[{"count":5,"href":"https:\/\/dev.balticdisc.ee\/en\/wp-json\/wp\/v2\/pages\/1086\/revisions"}],"predecessor-version":[{"id":12553,"href":"https:\/\/dev.balticdisc.ee\/en\/wp-json\/wp\/v2\/pages\/1086\/revisions\/12553"}],"wp:attachment":[{"href":"https:\/\/dev.balticdisc.ee\/en\/wp-json\/wp\/v2\/media?parent=1086"}],"curies":[{"name":"wp","href":"https:\/\/api.w.org\/{rel}","templated":true}]}}